{"id":23687,"date":"2025-02-03T14:43:16","date_gmt":"2025-02-03T14:43:16","guid":{"rendered":"https:\/\/elettratlc.it\/?page_id=23687"},"modified":"2026-01-21T11:10:44","modified_gmt":"2026-01-21T11:10:44","slug":"certificazioni-2","status":"publish","type":"page","link":"https:\/\/elettratlc.it\/en\/certificazioni-2\/","title":{"rendered":"Certifications"},"content":{"rendered":"<div data-elementor-type=\"wp-page\" data-elementor-id=\"23687\" class=\"elementor elementor-23687\" data-elementor-post-type=\"page\">\n\t\t\t\t        <section class=\"elementor-section elementor-top-section elementor-element elementor-element-908ae3f elementor-section-boxed elementor-section-height-default elementor-section-height-default pxl-row-scroll-none pxl-zoom-point-false pxl-section-overflow-visible pxl-section-fix-none pxl-bg-color-none pxl-section-overlay-none\" data-id=\"908ae3f\" data-element_type=\"section\" data-e-type=\"section\">\n\n                \n                <div class=\"elementor-container elementor-column-gap-extended\">\n                <div class=\"elementor-column elementor-col-100 elementor-top-column elementor-element elementor-element-d40d641 pxl-column-none pxl-column-overflow-hidden-no\" data-id=\"d40d641\" data-element_type=\"column\" data-e-type=\"column\">\r\n        <div class=\"elementor-widget-wrap elementor-element-populated\">\r\n                     \r\n        \t\t<div class=\"elementor-element elementor-element-872f367 elementor-widget__width-auto elementor-widget elementor-widget-pxl_heading\" data-id=\"872f367\" data-element_type=\"widget\" data-e-type=\"widget\" data-widget_type=\"pxl_heading.default\">\n\t\t\t\t<div class=\"elementor-widget-container\">\n\t\t\t\t\t\n<div id=\"pxl-pxl_heading-872f367-1003\" class=\"pxl-heading  pxl-subtitle-box-3\" >\n\t<div class=\"pxl-heading--container\" >\n\t\t<div class=\"pxl-heading--inner\">\n\t\t\t\t\t\t\t<div class=\"pxl-item--subtitle\" data-wow-delay=\"ms\">\n\t\t\t\t\t<span class=\"pxl-item--subtext\">\n\t\t\t\t\t\tCERTIFICATIONS\t\t\t\t\t<\/span>\n\t\t\t\t<\/div>\n\t\t\t\t\t\t\t\t\t<h2 class=\"pxl-item--title pxl-heading-custom translation-block\" data-wow-delay=\"ms\">Certifications and Integrated Management<\/h2>\n\t\t<\/div>\n\t\t\n\t<\/div>\n<\/div>\n\t\t\t\t<\/div>\n\t\t\t\t<\/div>\n\t\t            <\/div>\r\n        <\/div>\r\n        \t\t\t<\/div>\n\t\t<\/section>\n\t\t        <section class=\"elementor-section elementor-top-section elementor-element elementor-element-2a858139 elementor-section-stretched elementor-section-boxed elementor-section-height-default elementor-section-height-default pxl-row-scroll-none pxl-zoom-point-false pxl-section-overflow-visible pxl-section-fix-none pxl-bg-color-none pxl-section-overlay-none\" data-id=\"2a858139\" data-element_type=\"section\" data-e-type=\"section\" data-settings=\"{&quot;stretch_section&quot;:&quot;section-stretched&quot;}\">\n\n                \n                <div class=\"elementor-container elementor-column-gap-extended\">\n                <div class=\"elementor-column elementor-col-50 elementor-top-column elementor-element elementor-element-6e2f673 pxl-column-none pxl-column-overflow-hidden-no\" data-id=\"6e2f673\" data-element_type=\"column\" data-e-type=\"column\">\r\n        <div class=\"elementor-widget-wrap elementor-element-populated\">\r\n                     \r\n        \t\t<div class=\"elementor-element elementor-element-19cb3fa3 elementor-widget elementor-widget-pxl_heading\" data-id=\"19cb3fa3\" data-element_type=\"widget\" data-e-type=\"widget\" data-widget_type=\"pxl_heading.default\">\n\t\t\t\t<div class=\"elementor-widget-container\">\n\t\t\t\t\t\n<div id=\"pxl-pxl_heading-19cb3fa3-2981\" class=\"pxl-heading\" >\n\t<div class=\"pxl-heading--container\" >\n\t\t<div class=\"pxl-heading--inner\">\n\t\t\t\t\t\t\t\t\t<h2 class=\"pxl-item--title pxl-heading-style-1  wow fadeInUp\" data-wow-delay=\"ms\">\n\t\t\t\t            <span class=\"pxl-title--highlight\">\n                Integrated Management System            <\/span>\n        \n Quality, Environment, Health, Safety, Energy, Gender Equality.\n\t\t\t\t\t\n\t\t\t\t\t\t\t<\/h2>\n\t\t<\/div>\n\t\t\n\t<\/div>\n<\/div>\n\t\t\t\t<\/div>\n\t\t\t\t<\/div>\n\t\t            <\/div>\r\n        <\/div>\r\n                <div class=\"elementor-column elementor-col-50 elementor-top-column elementor-element elementor-element-233a4a45 pxl-column-none pxl-column-overflow-hidden-no\" data-id=\"233a4a45\" data-element_type=\"column\" data-e-type=\"column\">\r\n        <div class=\"elementor-widget-wrap elementor-element-populated\">\r\n                     \r\n        \t\t<div class=\"elementor-element elementor-element-3e3e609f elementor-widget elementor-widget-pxl_text_editor\" data-id=\"3e3e609f\" data-element_type=\"widget\" data-e-type=\"widget\" data-widget_type=\"pxl_text_editor.default\">\n\t\t\t\t<div class=\"elementor-widget-container\">\n\t\t\t\t\t<div class=\"pxl-text-editor\">\n\t<div class=\"pxl-item--inner\" data-wow-delay=\"ms\">\n\t\t<p class=\"s3\"><span class=\"s2\">We have adopted a policy for quality, environment,<\/span><span class=\"s2\">\u00e0<\/span><span class=\"s2\">, l&#8217;ambiente, la salute<\/span><\/p><p class=\"s3\"><span class=\"s2\">health and safety, energy and gender equality. <\/span><span class=\"s2\">It is<\/span><\/p><p class=\"s3\"><span class=\"s2\">ISO 9001:2015, ISO 14001:2025, ISO 45001:2018, ISO 50001:2018, PDR 125:2022 certified.<\/span>ISO 9001, ISO 14001, ISO 45001, ISO 50001, PDR 125<span class=\"s2\">)<\/span><\/p>\t\t\n\t<\/div>\n<\/div>\t\t\t\t<\/div>\n\t\t\t\t<\/div>\n\t\t            <\/div>\r\n        <\/div>\r\n        \t\t\t<\/div>\n\t\t<\/section>\n\t\t        <section class=\"elementor-section elementor-top-section elementor-element elementor-element-e277acf elementor-section-stretched elementor-section-boxed elementor-section-height-default elementor-section-height-default pxl-row-scroll-none pxl-zoom-point-false pxl-section-overflow-visible pxl-section-fix-none pxl-bg-color-none pxl-section-overlay-none\" data-id=\"e277acf\" data-element_type=\"section\" data-e-type=\"section\" data-settings=\"{&quot;stretch_section&quot;:&quot;section-stretched&quot;}\">\n\n                \n                <div class=\"elementor-container elementor-column-gap-extended\">\n                <div class=\"elementor-column elementor-col-25 elementor-top-column elementor-element elementor-element-2524b66 pxl-column-none pxl-column-overflow-hidden-no\" data-id=\"2524b66\" data-element_type=\"column\" data-e-type=\"column\">\r\n        <div class=\"elementor-widget-wrap elementor-element-populated\">\r\n                     \r\n        \t\t<div class=\"elementor-element elementor-element-143ec82 elementor-widget elementor-widget-image\" data-id=\"143ec82\" data-element_type=\"widget\" data-e-type=\"widget\" data-widget_type=\"image.default\">\n\t\t\t\t<div class=\"elementor-widget-container\">\n\t\t\t\t\t\t\t\t\t\t\t\t\t\t\t\t<a href=\"https:\/\/elettratlc.it\/wp-content\/uploads\/2026\/01\/ISO-9001_2015.pdf\" target=\"_blank\" rel=\"nofollow\">\n\t\t\t\t\t\t\t<img fetchpriority=\"high\" decoding=\"async\" width=\"595\" height=\"842\" src=\"https:\/\/elettratlc.it\/wp-content\/uploads\/2026\/01\/ISO-9001_2015.jpg\" class=\"attachment-large size-large wp-image-25353\" alt=\"\" srcset=\"https:\/\/elettratlc.it\/wp-content\/uploads\/2026\/01\/ISO-9001_2015.jpg 595w, https:\/\/elettratlc.it\/wp-content\/uploads\/2026\/01\/ISO-9001_2015-212x300.jpg 212w, https:\/\/elettratlc.it\/wp-content\/uploads\/2026\/01\/ISO-9001_2015-8x12.jpg 8w, https:\/\/elettratlc.it\/wp-content\/uploads\/2026\/01\/ISO-9001_2015-502x710.jpg 502w\" sizes=\"(max-width: 595px) 100vw, 595px\" \/>\t\t\t\t\t\t\t\t<\/a>\n\t\t\t\t\t\t\t\t\t\t\t\t\t\t\t<\/div>\n\t\t\t\t<\/div>\n\t\t            <\/div>\r\n        <\/div>\r\n                <div class=\"elementor-column elementor-col-25 elementor-top-column elementor-element elementor-element-982cc59 pxl-column-none pxl-column-overflow-hidden-no\" data-id=\"982cc59\" data-element_type=\"column\" data-e-type=\"column\">\r\n        <div class=\"elementor-widget-wrap elementor-element-populated\">\r\n                     \r\n        \t\t<div class=\"elementor-element elementor-element-3c4d3dd elementor-widget elementor-widget-image\" data-id=\"3c4d3dd\" data-element_type=\"widget\" data-e-type=\"widget\" data-widget_type=\"image.default\">\n\t\t\t\t<div class=\"elementor-widget-container\">\n\t\t\t\t\t\t\t\t\t\t\t\t\t\t\t\t<a href=\"https:\/\/elettratlc.it\/wp-content\/uploads\/2026\/01\/ISO-14001_2015.pdf\" target=\"_blank\" rel=\"nofollow\">\n\t\t\t\t\t\t\t<img decoding=\"async\" width=\"597\" height=\"842\" src=\"https:\/\/elettratlc.it\/wp-content\/uploads\/2026\/01\/ISO-14001_2015.jpg\" class=\"attachment-large size-large wp-image-25355\" alt=\"\" srcset=\"https:\/\/elettratlc.it\/wp-content\/uploads\/2026\/01\/ISO-14001_2015.jpg 597w, https:\/\/elettratlc.it\/wp-content\/uploads\/2026\/01\/ISO-14001_2015-213x300.jpg 213w, https:\/\/elettratlc.it\/wp-content\/uploads\/2026\/01\/ISO-14001_2015-9x12.jpg 9w, https:\/\/elettratlc.it\/wp-content\/uploads\/2026\/01\/ISO-14001_2015-503x710.jpg 503w\" sizes=\"(max-width: 597px) 100vw, 597px\" \/>\t\t\t\t\t\t\t\t<\/a>\n\t\t\t\t\t\t\t\t\t\t\t\t\t\t\t<\/div>\n\t\t\t\t<\/div>\n\t\t            <\/div>\r\n        <\/div>\r\n                <div class=\"elementor-column elementor-col-25 elementor-top-column elementor-element elementor-element-ce15ce6 pxl-column-none pxl-column-overflow-hidden-no\" data-id=\"ce15ce6\" data-element_type=\"column\" data-e-type=\"column\">\r\n        <div class=\"elementor-widget-wrap elementor-element-populated\">\r\n                     \r\n        \t\t<div class=\"elementor-element elementor-element-6400e2d elementor-widget elementor-widget-image\" data-id=\"6400e2d\" data-element_type=\"widget\" data-e-type=\"widget\" data-widget_type=\"image.default\">\n\t\t\t\t<div class=\"elementor-widget-container\">\n\t\t\t\t\t\t\t\t\t\t\t\t\t\t\t\t<a href=\"https:\/\/elettratlc.it\/wp-content\/uploads\/2026\/01\/ISO-45001-2018.pdf\" target=\"_blank\" rel=\"nofollow\">\n\t\t\t\t\t\t\t<img decoding=\"async\" width=\"595\" height=\"842\" src=\"https:\/\/elettratlc.it\/wp-content\/uploads\/2026\/01\/ISO-45001-2018.jpg\" class=\"attachment-large size-large wp-image-25357\" alt=\"\" srcset=\"https:\/\/elettratlc.it\/wp-content\/uploads\/2026\/01\/ISO-45001-2018.jpg 595w, https:\/\/elettratlc.it\/wp-content\/uploads\/2026\/01\/ISO-45001-2018-212x300.jpg 212w, https:\/\/elettratlc.it\/wp-content\/uploads\/2026\/01\/ISO-45001-2018-8x12.jpg 8w, https:\/\/elettratlc.it\/wp-content\/uploads\/2026\/01\/ISO-45001-2018-502x710.jpg 502w\" sizes=\"(max-width: 595px) 100vw, 595px\" \/>\t\t\t\t\t\t\t\t<\/a>\n\t\t\t\t\t\t\t\t\t\t\t\t\t\t\t<\/div>\n\t\t\t\t<\/div>\n\t\t            <\/div>\r\n        <\/div>\r\n                <div class=\"elementor-column elementor-col-25 elementor-top-column elementor-element elementor-element-48e2df7 pxl-column-none pxl-column-overflow-hidden-no\" data-id=\"48e2df7\" data-element_type=\"column\" data-e-type=\"column\">\r\n        <div class=\"elementor-widget-wrap elementor-element-populated\">\r\n                     \r\n        \t\t<div class=\"elementor-element elementor-element-0882ba4 elementor-widget elementor-widget-image\" data-id=\"0882ba4\" data-element_type=\"widget\" data-e-type=\"widget\" data-widget_type=\"image.default\">\n\t\t\t\t<div class=\"elementor-widget-container\">\n\t\t\t\t\t\t\t\t\t\t\t\t\t\t\t\t<a href=\"https:\/\/elettratlc.it\/wp-content\/uploads\/2026\/01\/ISO-50001-2018.pdf\" target=\"_blank\" rel=\"nofollow\">\n\t\t\t\t\t\t\t<img loading=\"lazy\" decoding=\"async\" width=\"595\" height=\"842\" src=\"https:\/\/elettratlc.it\/wp-content\/uploads\/2026\/01\/ISO-50001-2018.jpg\" class=\"attachment-large size-large wp-image-25360\" alt=\"\" srcset=\"https:\/\/elettratlc.it\/wp-content\/uploads\/2026\/01\/ISO-50001-2018.jpg 595w, https:\/\/elettratlc.it\/wp-content\/uploads\/2026\/01\/ISO-50001-2018-212x300.jpg 212w, https:\/\/elettratlc.it\/wp-content\/uploads\/2026\/01\/ISO-50001-2018-8x12.jpg 8w, https:\/\/elettratlc.it\/wp-content\/uploads\/2026\/01\/ISO-50001-2018-502x710.jpg 502w\" sizes=\"(max-width: 595px) 100vw, 595px\" \/>\t\t\t\t\t\t\t\t<\/a>\n\t\t\t\t\t\t\t\t\t\t\t\t\t\t\t<\/div>\n\t\t\t\t<\/div>\n\t\t            <\/div>\r\n        <\/div>\r\n        \t\t\t<\/div>\n\t\t<\/section>\n\t\t        <section class=\"elementor-section elementor-top-section elementor-element elementor-element-9512551 elementor-section-stretched elementor-section-boxed elementor-section-height-default elementor-section-height-default pxl-row-scroll-none pxl-zoom-point-false pxl-section-overflow-visible pxl-section-fix-none pxl-bg-color-none pxl-section-overlay-none\" data-id=\"9512551\" data-element_type=\"section\" data-e-type=\"section\" data-settings=\"{&quot;stretch_section&quot;:&quot;section-stretched&quot;}\">\n\n                \n                <div class=\"elementor-container elementor-column-gap-extended\">\n                <div class=\"elementor-column elementor-col-25 elementor-top-column elementor-element elementor-element-20e6930 pxl-column-none pxl-column-overflow-hidden-no\" data-id=\"20e6930\" data-element_type=\"column\" data-e-type=\"column\">\r\n        <div class=\"elementor-widget-wrap elementor-element-populated\">\r\n                     \r\n        \t\t<div class=\"elementor-element elementor-element-150d654 elementor-widget elementor-widget-image\" data-id=\"150d654\" data-element_type=\"widget\" data-e-type=\"widget\" data-widget_type=\"image.default\">\n\t\t\t\t<div class=\"elementor-widget-container\">\n\t\t\t\t\t\t\t\t\t\t\t\t\t\t\t\t<a href=\"https:\/\/elettratlc.it\/wp-content\/uploads\/2026\/01\/Certificato-PDR-125_2022.pdf\" target=\"_blank\" rel=\"nofollow\">\n\t\t\t\t\t\t\t<img loading=\"lazy\" decoding=\"async\" width=\"595\" height=\"842\" src=\"https:\/\/elettratlc.it\/wp-content\/uploads\/2026\/01\/Certificato-PDR-125_2022.jpg\" class=\"attachment-large size-large wp-image-25352\" alt=\"\" srcset=\"https:\/\/elettratlc.it\/wp-content\/uploads\/2026\/01\/Certificato-PDR-125_2022.jpg 595w, https:\/\/elettratlc.it\/wp-content\/uploads\/2026\/01\/Certificato-PDR-125_2022-212x300.jpg 212w, https:\/\/elettratlc.it\/wp-content\/uploads\/2026\/01\/Certificato-PDR-125_2022-8x12.jpg 8w, https:\/\/elettratlc.it\/wp-content\/uploads\/2026\/01\/Certificato-PDR-125_2022-502x710.jpg 502w\" sizes=\"(max-width: 595px) 100vw, 595px\" \/>\t\t\t\t\t\t\t\t<\/a>\n\t\t\t\t\t\t\t\t\t\t\t\t\t\t\t<\/div>\n\t\t\t\t<\/div>\n\t\t            <\/div>\r\n        <\/div>\r\n                <div class=\"elementor-column elementor-col-25 elementor-top-column elementor-element elementor-element-5c03244 pxl-column-none pxl-column-overflow-hidden-no\" data-id=\"5c03244\" data-element_type=\"column\" data-e-type=\"column\">\r\n        <div class=\"elementor-widget-wrap\">\r\n                     \r\n                    <\/div>\r\n        <\/div>\r\n                <div class=\"elementor-column elementor-col-25 elementor-top-column elementor-element elementor-element-907c861 pxl-column-none pxl-column-overflow-hidden-no\" data-id=\"907c861\" data-element_type=\"column\" data-e-type=\"column\">\r\n        <div class=\"elementor-widget-wrap\">\r\n                     \r\n                    <\/div>\r\n        <\/div>\r\n                <div class=\"elementor-column elementor-col-25 elementor-top-column elementor-element elementor-element-88e5b73 pxl-column-none pxl-column-overflow-hidden-no\" data-id=\"88e5b73\" data-element_type=\"column\" data-e-type=\"column\">\r\n        <div class=\"elementor-widget-wrap\">\r\n                     \r\n                    <\/div>\r\n        <\/div>\r\n        \t\t\t<\/div>\n\t\t<\/section>\n\t\t        <section class=\"elementor-section elementor-top-section elementor-element elementor-element-b8c3d6e elementor-section-stretched elementor-section-full_width elementor-section-height-default elementor-section-height-default pxl-row-scroll-none pxl-zoom-point-false pxl-section-overflow-visible pxl-section-fix-none pxl-full-content-with-space-none pxl-bg-color-none pxl-section-overlay-none\" data-id=\"b8c3d6e\" data-element_type=\"section\" data-e-type=\"section\" data-settings=\"{&quot;background_background&quot;:&quot;classic&quot;,&quot;stretch_section&quot;:&quot;section-stretched&quot;}\">\n\n                \n                <div class=\"elementor-container elementor-column-gap-extended\">\n                <div class=\"elementor-column elementor-col-100 elementor-top-column elementor-element elementor-element-c68a326 pxl-column-none pxl-column-overflow-hidden-no\" data-id=\"c68a326\" data-element_type=\"column\" data-e-type=\"column\" data-settings=\"{&quot;background_background&quot;:&quot;classic&quot;}\">\r\n        <div class=\"elementor-widget-wrap elementor-element-populated\">\r\n                                <div class=\"elementor-background-overlay\"><\/div>\r\n         \r\n        \t\t<div class=\"elementor-element elementor-element-ffa7c8a elementor-widget elementor-widget-pxl_icon\" data-id=\"ffa7c8a\" data-element_type=\"widget\" data-e-type=\"widget\" data-widget_type=\"pxl_icon.default\">\n\t\t\t\t<div class=\"elementor-widget-container\">\n\t\t\t\t\t\r\n<div class=\"pxl-icon pxl-icon1 style-default\" data-wow-delay=\"ms\">\r\n    <div class=\"pxl-icon--container\">\r\n        <div class=\"pxl-item\">\r\n                            <span class=\"pxl-item--icon pxl-flex-center\">\r\n                    <svg xmlns=\"http:\/\/www.w3.org\/2000\/svg\" xmlns:xlink=\"http:\/\/www.w3.org\/1999\/xlink\" xmlns:serif=\"http:\/\/www.serif.com\/\" width=\"100%\" height=\"100%\" viewbox=\"0 0 375 309\" xml:space=\"preserve\" style=\"fill-rule:evenodd;clip-rule:evenodd;stroke-linejoin:round;stroke-miterlimit:2;\">    <g transform=\"matrix(1,0,0,1,-5107.532214,-7461.793475)\">        <g transform=\"matrix(1,0,0,1,4996,-1400)\">            <path d=\"M266.71,9153.89L331.29,9103.34L293.14,9084.01L266.71,9153.89Z\" style=\"fill:none;fill-rule:nonzero;\"><\/path>        <\/g>        <g transform=\"matrix(1,0,0,1,4996,-1400)\">            <path d=\"M288.87,9075.04L476.63,8872L467.33,8875.21L211.08,9035.55C211.21,9035.76 211.32,9035.98 211.41,9036.21L257.83,9154.72L287.23,9077.01C287.55,9076.19 288.13,9075.5 288.87,9075.04Z\" style=\"fill:none;fill-rule:nonzero;\"><\/path>        <\/g>        <g transform=\"matrix(1,0,0,1,4996,-1400)\">            <path d=\"M289.53,9074.7C290.59,9074.29 291.77,9074.35 292.78,9074.86L438.08,9148.47L477.49,8871.7L476.63,8872L288.87,9075.04C289.08,9074.91 289.3,9074.79 289.53,9074.7Z\" style=\"fill:white;fill-rule:nonzero;\"><\/path>        <\/g>        <g transform=\"matrix(1,0,0,1,4996,-1400)\">            <path d=\"M125.9,8992.84L209.45,9034.08C210.12,9034.41 210.68,9034.92 211.07,9035.54L467.32,8875.2L125.9,8992.84Z\" style=\"fill:white;fill-rule:nonzero;\"><\/path>        <\/g>        <g transform=\"matrix(1,0,0,1,4996,-1400)\">            <path d=\"M484.92,8862.71C483.85,8861.82 482.39,8861.56 481.07,8862.01L114.23,8988.4C112.7,8988.93 111.64,8990.32 111.54,8991.93C111.44,8993.54 112.31,8995.05 113.76,8995.77L204.52,9040.57L254.17,9167.32C254.77,9168.85 256.25,9169.86 257.89,9169.86L257.91,9169.86C258.82,9169.86 259.66,9169.54 260.35,9169L260.36,9169.01L339.17,9107.33L439.45,9158.13C440.6,9158.71 441.96,9158.71 443.11,9158.11C444.25,9157.51 445.04,9156.4 445.22,9155.13L486.34,8866.36C486.53,8864.98 486,8863.59 484.92,8862.71ZM257.83,9154.73L211.41,9036.22C211.32,9035.99 211.21,9035.77 211.08,9035.56C210.69,9034.94 210.13,9034.43 209.46,9034.1L125.91,8992.86L467.34,8875.22L476.64,8872.01L477.5,8871.71L438.09,9148.48L292.79,9074.87C291.78,9074.36 290.59,9074.3 289.54,9074.71C289.31,9074.8 289.09,9074.92 288.88,9075.05C288.14,9075.51 287.56,9076.2 287.24,9077.02L257.83,9154.73ZM266.71,9153.89L293.15,9084.01L331.3,9103.34L266.71,9153.89Z\" style=\"fill:white;fill-rule:nonzero;\"><\/path>        <\/g>    <\/g><\/svg>                <\/span>\r\n                                            <\/div>\r\n    <\/div>\r\n<\/div>\t\t\t\t<\/div>\n\t\t\t\t<\/div>\n\t\t\t\t<div class=\"elementor-element elementor-element-ff075b8 elementor-widget__width-inherit elementor-widget elementor-widget-pxl_heading\" data-id=\"ff075b8\" data-element_type=\"widget\" data-e-type=\"widget\" data-widget_type=\"pxl_heading.default\">\n\t\t\t\t<div class=\"elementor-widget-container\">\n\t\t\t\t\t\n<div id=\"pxl-pxl_heading-ff075b8-2406\" class=\"pxl-heading\" >\n\t<div class=\"pxl-heading--container\" >\n\t\t<div class=\"pxl-heading--inner\">\n\t\t\t\t\t\t\t\t\t<h2 class=\"pxl-item--title pxl-heading-custom  wow fadeInUp\" data-wow-delay=\"ms\">\n\t\t\t\tStay up to date with our news, subscribe to our newsletter\t\t\t\t\t\n\t\t\t\t\t\t\t<\/h2>\n\t\t<\/div>\n\t\t\n\t<\/div>\n<\/div>\n\t\t\t\t<\/div>\n\t\t\t\t<\/div>\n\t\t\t\t<div class=\"elementor-element elementor-element-a4e65ec elementor-widget elementor-widget-pxl_contact_form\" data-id=\"a4e65ec\" data-element_type=\"widget\" data-e-type=\"widget\" data-widget_type=\"pxl_contact_form.default\">\n\t\t\t\t<div class=\"elementor-widget-container\">\n\t\t\t\t\t    <div class=\"pxl-contact-form pxl-contact-form1\" data-wow-delay=\"ms\">\r\n        \n<div class=\"wpcf7 no-js\" id=\"wpcf7-f14731-o1\" lang=\"en-US\" dir=\"ltr\" data-wpcf7-id=\"14731\">\n<div class=\"screen-reader-response\"><p role=\"status\" aria-live=\"polite\" aria-atomic=\"true\"><\/p> <ul><\/ul><\/div>\n<form action=\"\/en\/wp-json\/wp\/v2\/pages\/23687#wpcf7-f14731-o1\" method=\"post\" class=\"wpcf7-form init\" aria-label=\"Contact form\" novalidate=\"novalidate\" data-status=\"init\" data-trp-original-action=\"\/en\/wp-json\/wp\/v2\/pages\/23687#wpcf7-f14731-o1\">\n<fieldset class=\"hidden-fields-container\"><input type=\"hidden\" name=\"_wpcf7\" value=\"14731\" \/><input type=\"hidden\" name=\"_wpcf7_version\" value=\"6.1.5\" \/><input type=\"hidden\" name=\"_wpcf7_locale\" value=\"en_US\" \/><input type=\"hidden\" name=\"_wpcf7_unit_tag\" value=\"wpcf7-f14731-o1\" \/><input type=\"hidden\" name=\"_wpcf7_container_post\" value=\"0\" \/><input type=\"hidden\" name=\"_wpcf7_posted_data_hash\" value=\"\" \/>\n<\/fieldset>\n<div class=\"pxl-newsletter pxl-layout-2\">\n\t<p><span class=\"wpcf7-form-control-wrap\" data-name=\"your-email\"><input size=\"40\" maxlength=\"400\" class=\"wpcf7-form-control wpcf7-email wpcf7-validates-as-required wpcf7-text wpcf7-validates-as-email pxl-p3 pxl-dark-100\" autocomplete=\"email\" aria-required=\"true\" aria-invalid=\"false\" placeholder=\"Your e-mail\" value=\"\" type=\"email\" name=\"your-email\" \/><\/span><br \/>\n<button type=\"submit\" class=\"btn btn-submit pxl-btn-default pxl-btn-normal pxl-hover-default pxl-dark-100 h6\"><br \/>\n<span class=\"pxl-btn--text\">Subscribe<\/span><br \/>\n<i class=\"pxl-icon--default flaticon flaticon-up-right-arrow\"><\/i><br \/>\n<\/button>\n\t<\/p>\n<\/div><div class=\"wpcf7-response-output\" aria-hidden=\"true\"><\/div>\n<input type=\"hidden\" name=\"trp-form-language\" value=\"en\"\/><\/form>\n<\/div>\n                    <div class=\"pxl-form-loader light\">\r\n                <div class=\"bar1\"><\/div>\r\n                <div class=\"bar2\"><\/div>\r\n                <div class=\"bar3\"><\/div>\r\n                <div class=\"bar4\"><\/div>\r\n                <div class=\"bar5\"><\/div>\r\n                <div class=\"bar6\"><\/div>\r\n                <div class=\"bar7\"><\/div>\r\n                <div class=\"bar8\"><\/div>\r\n                <div class=\"bar9\"><\/div>\r\n                <div class=\"bar10\"><\/div>\r\n                <div class=\"bar11\"><\/div>\r\n                <div class=\"bar12\"><\/div>\r\n            <\/div>\r\n            <\/div>\r\n\t\t\t\t<\/div>\n\t\t\t\t<\/div>\n\t\t            <\/div>\r\n        <\/div>\r\n        \t\t\t<\/div>\n\t\t<\/section>\n\t\t\t\t<\/div>","protected":false},"excerpt":{"rendered":"<p>CERTIFICAZIONI Certificazioni e Gestione Integrata Sistema di Gestione Integrato Qualit\u00e0, Ambiente, Salute e Sicurezza, Energia. Elettra Tlc spa ha adottato una politica per la qualit\u00e0, l&#8217;ambiente, la salute e sicurezza dei suoi lavoratori, la gestione in efficienza dell&#8217;energia, ed \u00e8 certificata (ISO 9001, ISO 14001, ISO 45001, ISO 50001, PDR 125) Resta aggiornato sulle news [&hellip;]<\/p>\n","protected":false},"author":2,"featured_media":0,"parent":0,"menu_order":0,"comment_status":"closed","ping_status":"closed","template":"","meta":{"footnotes":""},"class_list":["post-23687","page","type-page","status-publish","hentry"],"_links":{"self":[{"href":"https:\/\/elettratlc.it\/en\/wp-json\/wp\/v2\/pages\/23687","targetHints":{"allow":["GET"]}}],"collection":[{"href":"https:\/\/elettratlc.it\/en\/wp-json\/wp\/v2\/pages"}],"about":[{"href":"https:\/\/elettratlc.it\/en\/wp-json\/wp\/v2\/types\/page"}],"author":[{"embeddable":true,"href":"https:\/\/elettratlc.it\/en\/wp-json\/wp\/v2\/users\/2"}],"replies":[{"embeddable":true,"href":"https:\/\/elettratlc.it\/en\/wp-json\/wp\/v2\/comments?post=23687"}],"version-history":[{"count":56,"href":"https:\/\/elettratlc.it\/en\/wp-json\/wp\/v2\/pages\/23687\/revisions"}],"predecessor-version":[{"id":25541,"href":"https:\/\/elettratlc.it\/en\/wp-json\/wp\/v2\/pages\/23687\/revisions\/25541"}],"wp:attachment":[{"href":"https:\/\/elettratlc.it\/en\/wp-json\/wp\/v2\/media?parent=23687"}],"curies":[{"name":"wp","href":"https:\/\/api.w.org\/{rel}","templated":true}]}}