{"id":23678,"date":"2025-02-03T14:44:32","date_gmt":"2025-02-03T14:44:32","guid":{"rendered":"https:\/\/elettratlc.it\/?page_id=23678"},"modified":"2026-02-12T14:12:19","modified_gmt":"2026-02-12T14:12:19","slug":"compliance-segnalazioni","status":"publish","type":"page","link":"https:\/\/elettratlc.it\/en\/compliance-segnalazioni\/","title":{"rendered":"Compliance and Whistleblowing"},"content":{"rendered":"<div data-elementor-type=\"wp-page\" data-elementor-id=\"23678\" class=\"elementor elementor-23678\" data-elementor-post-type=\"page\">\n\t\t\t\t        <section class=\"elementor-section elementor-top-section elementor-element elementor-element-908ae3f elementor-section-boxed elementor-section-height-default elementor-section-height-default pxl-row-scroll-none pxl-zoom-point-false pxl-section-overflow-visible pxl-section-fix-none pxl-bg-color-none pxl-section-overlay-none\" data-id=\"908ae3f\" data-element_type=\"section\" data-e-type=\"section\">\n\n                \n                <div class=\"elementor-container elementor-column-gap-extended\">\n                <div class=\"elementor-column elementor-col-100 elementor-top-column elementor-element elementor-element-d40d641 pxl-column-none pxl-column-overflow-hidden-no\" data-id=\"d40d641\" data-element_type=\"column\" data-e-type=\"column\">\r\n        <div class=\"elementor-widget-wrap elementor-element-populated\">\r\n                     \r\n        \t\t<div class=\"elementor-element elementor-element-872f367 elementor-widget elementor-widget-pxl_heading\" data-id=\"872f367\" data-element_type=\"widget\" data-e-type=\"widget\" data-widget_type=\"pxl_heading.default\">\n\t\t\t\t<div class=\"elementor-widget-container\">\n\t\t\t\t\t\n<div id=\"pxl-pxl_heading-872f367-5787\" class=\"pxl-heading  pxl-subtitle-box-3\" >\n\t<div class=\"pxl-heading--container\" >\n\t\t<div class=\"pxl-heading--inner\">\n\t\t\t\t\t\t\t<div class=\"pxl-item--subtitle\" data-wow-delay=\"ms\">\n\t\t\t\t\t<span class=\"pxl-item--subtext\">\n\t\t\t\t\t\tCompliance and Whistleblowing\t\t\t\t\t<\/span>\n\t\t\t\t<\/div>\n\t\t\t\t\t\t\t\t\t<h2 class=\"pxl-item--title pxl-heading-custom\" data-wow-delay=\"ms\">\n\t\t\t\tCompliance and integrity:             <span class=\"pxl-title--highlight\">\n                guaranteed transparency             <\/span>\n         \t\t\t\t\t\n\t\t\t\t\t\t\t<\/h2>\n\t\t<\/div>\n\t\t\n\t<\/div>\n<\/div>\n\t\t\t\t<\/div>\n\t\t\t\t<\/div>\n\t\t            <\/div>\r\n        <\/div>\r\n        \t\t\t<\/div>\n\t\t<\/section>\n\t\t        <section class=\"elementor-section elementor-top-section elementor-element elementor-element-6637f7b4 elementor-section-stretched elementor-section-boxed elementor-section-height-default elementor-section-height-default pxl-row-scroll-none pxl-zoom-point-false pxl-section-overflow-visible pxl-section-fix-none pxl-bg-color-none pxl-section-overlay-none\" data-id=\"6637f7b4\" data-element_type=\"section\" data-e-type=\"section\" data-settings=\"{&quot;stretch_section&quot;:&quot;section-stretched&quot;}\">\n\n                \n                <div class=\"elementor-container elementor-column-gap-extended\">\n                <div class=\"elementor-column elementor-col-50 elementor-top-column elementor-element elementor-element-64bd604b pxl-column-none pxl-column-overflow-hidden-no\" data-id=\"64bd604b\" data-element_type=\"column\" data-e-type=\"column\">\r\n        <div class=\"elementor-widget-wrap elementor-element-populated\">\r\n                     \r\n        \t\t<div class=\"elementor-element elementor-element-12e8e37c elementor-widget elementor-widget-pxl_heading\" data-id=\"12e8e37c\" data-element_type=\"widget\" data-e-type=\"widget\" data-widget_type=\"pxl_heading.default\">\n\t\t\t\t<div class=\"elementor-widget-container\">\n\t\t\t\t\t\n<div id=\"pxl-pxl_heading-12e8e37c-3734\" class=\"pxl-heading\" >\n\t<div class=\"pxl-heading--container\" >\n\t\t<div class=\"pxl-heading--inner\">\n\t\t\t\t\t\t\t\t\t<h2 class=\"pxl-item--title pxl-heading-style-1  wow fadeInUp\" data-wow-delay=\"ms\">\n\t\t\t\t<span style=\"color:#57A6D8\">We are committed to the<\/span>             <span class=\"pxl-title--highlight\">\n                 highest ethical and regulatory standards, ensuring a safe and transparent working environment.            <\/span>\n        \t\t\t\t\t\n\t\t\t\t\t\t\t<\/h2>\n\t\t<\/div>\n\t\t\n\t<\/div>\n<\/div>\n\t\t\t\t<\/div>\n\t\t\t\t<\/div>\n\t\t            <\/div>\r\n        <\/div>\r\n                <div class=\"elementor-column elementor-col-50 elementor-top-column elementor-element elementor-element-40d6abc pxl-column-none pxl-column-overflow-hidden-no\" data-id=\"40d6abc\" data-element_type=\"column\" data-e-type=\"column\">\r\n        <div class=\"elementor-widget-wrap elementor-element-populated\">\r\n                     \r\n        \t\t<div class=\"elementor-element elementor-element-78dd3a65 elementor-widget elementor-widget-pxl_text_editor\" data-id=\"78dd3a65\" data-element_type=\"widget\" data-e-type=\"widget\" data-widget_type=\"pxl_text_editor.default\">\n\t\t\t\t<div class=\"elementor-widget-container\">\n\t\t\t\t\t<div class=\"pxl-text-editor\">\n\t<div class=\"pxl-item--inner pxl-p2\" data-wow-delay=\"ms\">\n\t\tThis section is dedicated to compliance and reporting procedures to ensure transparency and integrity within our company.\nHere you can find information on our organisational management model, how to report responsibly and information on our Privacy Policy.\n<ul>\n \t<li><a href=\"https:\/\/elettratlc.it\/wp-content\/uploads\/2026\/01\/ELETTRA-MOG-231-GENERAL-SECTION.pdf\"><strong>Organizational model<\/strong><\/a><\/li>\n \t<li><a href=\"https:\/\/elettratlc.it\/wp-content\/uploads\/2026\/01\/Elettra_Code_of_Ethics.pdf\"><strong>Code of ethics<\/strong><\/a><\/li>\n \t<li><strong>Linee Guida<\/strong>\n<ul>\n \t<li style=\"list-style-type: none\">\n<ul>\n \t<li><a href=\"https:\/\/elettratlc.it\/wp-content\/uploads\/2026\/02\/LG_Anticorruzione.pdf\">Anticorruzione<\/a><\/li>\n \t<li><a href=\"https:\/\/elettratlc.it\/wp-content\/uploads\/2026\/02\/LG_Compliance.pdf\">Compliance<\/a><\/li>\n\n<\/li>\n \t<li><strong><a href=\"https:\/\/elettratlc.it\/wp-content\/uploads\/2026\/02\/PO52.pdf\">Procedura\u00a0 Whistleblowing<\/a><\/strong><\/li>\n \t<li><a href=\"https:\/\/areariservata.mygovernance.it\/#!\/WB\/Elettra-TLC\"><strong>Segnalazione Whistleblowing<\/strong><\/a><\/li>\n \t<li><a href=\"https:\/\/elettratlc.it\/wp-content\/uploads\/2026\/01\/202305_Elettra_privacy-policy-per-il-sito-v2_ENG.pdf\" target=\"_blank\" rel=\"noopener\"><strong>Privacy<\/strong><\/a><\/li>\n<\/ul>\t\t\n\t<\/div>\n<\/div>\t\t\t\t<\/div>\n\t\t\t\t<\/div>\n\t\t            <\/div>\r\n        <\/div>\r\n        \t\t\t<\/div>\n\t\t<\/section>\n\t\t        <section class=\"elementor-section elementor-top-section elementor-element elementor-element-7937f7a elementor-section-stretched elementor-section-full_width elementor-section-height-default elementor-section-height-default pxl-row-scroll-none pxl-zoom-point-false pxl-section-overflow-visible pxl-section-fix-none pxl-full-content-with-space-none pxl-bg-color-none pxl-section-overlay-none\" data-id=\"7937f7a\" data-element_type=\"section\" data-e-type=\"section\" data-settings=\"{&quot;background_background&quot;:&quot;classic&quot;,&quot;stretch_section&quot;:&quot;section-stretched&quot;}\">\n\n                \n                <div class=\"elementor-container elementor-column-gap-extended\">\n                <div class=\"elementor-column elementor-col-100 elementor-top-column elementor-element elementor-element-e6fff7c pxl-column-none pxl-column-overflow-hidden-no\" data-id=\"e6fff7c\" data-element_type=\"column\" data-e-type=\"column\" data-settings=\"{&quot;background_background&quot;:&quot;classic&quot;}\">\r\n        <div class=\"elementor-widget-wrap elementor-element-populated\">\r\n                                <div class=\"elementor-background-overlay\"><\/div>\r\n         \r\n        \t\t<div class=\"elementor-element elementor-element-be3a124 elementor-widget elementor-widget-pxl_icon\" data-id=\"be3a124\" data-element_type=\"widget\" data-e-type=\"widget\" data-widget_type=\"pxl_icon.default\">\n\t\t\t\t<div class=\"elementor-widget-container\">\n\t\t\t\t\t\r\n<div class=\"pxl-icon pxl-icon1 style-default\" data-wow-delay=\"ms\">\r\n    <div class=\"pxl-icon--container\">\r\n        <div class=\"pxl-item\">\r\n                            <span class=\"pxl-item--icon pxl-flex-center\">\r\n                    <svg xmlns=\"http:\/\/www.w3.org\/2000\/svg\" xmlns:xlink=\"http:\/\/www.w3.org\/1999\/xlink\" xmlns:serif=\"http:\/\/www.serif.com\/\" width=\"100%\" height=\"100%\" viewbox=\"0 0 375 309\" xml:space=\"preserve\" style=\"fill-rule:evenodd;clip-rule:evenodd;stroke-linejoin:round;stroke-miterlimit:2;\">    <g transform=\"matrix(1,0,0,1,-5107.532214,-7461.793475)\">        <g transform=\"matrix(1,0,0,1,4996,-1400)\">            <path d=\"M266.71,9153.89L331.29,9103.34L293.14,9084.01L266.71,9153.89Z\" style=\"fill:none;fill-rule:nonzero;\"><\/path>        <\/g>        <g transform=\"matrix(1,0,0,1,4996,-1400)\">            <path d=\"M288.87,9075.04L476.63,8872L467.33,8875.21L211.08,9035.55C211.21,9035.76 211.32,9035.98 211.41,9036.21L257.83,9154.72L287.23,9077.01C287.55,9076.19 288.13,9075.5 288.87,9075.04Z\" style=\"fill:none;fill-rule:nonzero;\"><\/path>        <\/g>        <g transform=\"matrix(1,0,0,1,4996,-1400)\">            <path d=\"M289.53,9074.7C290.59,9074.29 291.77,9074.35 292.78,9074.86L438.08,9148.47L477.49,8871.7L476.63,8872L288.87,9075.04C289.08,9074.91 289.3,9074.79 289.53,9074.7Z\" style=\"fill:white;fill-rule:nonzero;\"><\/path>        <\/g>        <g transform=\"matrix(1,0,0,1,4996,-1400)\">            <path d=\"M125.9,8992.84L209.45,9034.08C210.12,9034.41 210.68,9034.92 211.07,9035.54L467.32,8875.2L125.9,8992.84Z\" style=\"fill:white;fill-rule:nonzero;\"><\/path>        <\/g>        <g transform=\"matrix(1,0,0,1,4996,-1400)\">            <path d=\"M484.92,8862.71C483.85,8861.82 482.39,8861.56 481.07,8862.01L114.23,8988.4C112.7,8988.93 111.64,8990.32 111.54,8991.93C111.44,8993.54 112.31,8995.05 113.76,8995.77L204.52,9040.57L254.17,9167.32C254.77,9168.85 256.25,9169.86 257.89,9169.86L257.91,9169.86C258.82,9169.86 259.66,9169.54 260.35,9169L260.36,9169.01L339.17,9107.33L439.45,9158.13C440.6,9158.71 441.96,9158.71 443.11,9158.11C444.25,9157.51 445.04,9156.4 445.22,9155.13L486.34,8866.36C486.53,8864.98 486,8863.59 484.92,8862.71ZM257.83,9154.73L211.41,9036.22C211.32,9035.99 211.21,9035.77 211.08,9035.56C210.69,9034.94 210.13,9034.43 209.46,9034.1L125.91,8992.86L467.34,8875.22L476.64,8872.01L477.5,8871.71L438.09,9148.48L292.79,9074.87C291.78,9074.36 290.59,9074.3 289.54,9074.71C289.31,9074.8 289.09,9074.92 288.88,9075.05C288.14,9075.51 287.56,9076.2 287.24,9077.02L257.83,9154.73ZM266.71,9153.89L293.15,9084.01L331.3,9103.34L266.71,9153.89Z\" style=\"fill:white;fill-rule:nonzero;\"><\/path>        <\/g>    <\/g><\/svg>                <\/span>\r\n                                            <\/div>\r\n    <\/div>\r\n<\/div>\t\t\t\t<\/div>\n\t\t\t\t<\/div>\n\t\t\t\t<div class=\"elementor-element elementor-element-f7936eb elementor-widget__width-inherit elementor-widget elementor-widget-pxl_heading\" data-id=\"f7936eb\" data-element_type=\"widget\" data-e-type=\"widget\" data-widget_type=\"pxl_heading.default\">\n\t\t\t\t<div class=\"elementor-widget-container\">\n\t\t\t\t\t\n<div id=\"pxl-pxl_heading-f7936eb-2562\" class=\"pxl-heading\" >\n\t<div class=\"pxl-heading--container\" >\n\t\t<div class=\"pxl-heading--inner\">\n\t\t\t\t\t\t\t\t\t<h2 class=\"pxl-item--title pxl-heading-custom  wow fadeInUp\" data-wow-delay=\"ms\">\n\t\t\t\tStay up to date with our news, subscribe to our newsletter\t\t\t\t\t\n\t\t\t\t\t\t\t<\/h2>\n\t\t<\/div>\n\t\t\n\t<\/div>\n<\/div>\n\t\t\t\t<\/div>\n\t\t\t\t<\/div>\n\t\t\t\t<div class=\"elementor-element elementor-element-5fae663 elementor-widget elementor-widget-pxl_contact_form\" data-id=\"5fae663\" data-element_type=\"widget\" data-e-type=\"widget\" data-widget_type=\"pxl_contact_form.default\">\n\t\t\t\t<div class=\"elementor-widget-container\">\n\t\t\t\t\t    <div class=\"pxl-contact-form pxl-contact-form1\" data-wow-delay=\"ms\">\r\n        \n<div class=\"wpcf7 no-js\" id=\"wpcf7-f14731-o1\" lang=\"en-US\" dir=\"ltr\" data-wpcf7-id=\"14731\">\n<div class=\"screen-reader-response\"><p role=\"status\" aria-live=\"polite\" aria-atomic=\"true\"><\/p> <ul><\/ul><\/div>\n<form action=\"\/en\/wp-json\/wp\/v2\/pages\/23678#wpcf7-f14731-o1\" method=\"post\" class=\"wpcf7-form init\" aria-label=\"Contact form\" novalidate=\"novalidate\" data-status=\"init\" data-trp-original-action=\"\/en\/wp-json\/wp\/v2\/pages\/23678#wpcf7-f14731-o1\">\n<fieldset class=\"hidden-fields-container\"><input type=\"hidden\" name=\"_wpcf7\" value=\"14731\" \/><input type=\"hidden\" name=\"_wpcf7_version\" value=\"6.1.5\" \/><input type=\"hidden\" name=\"_wpcf7_locale\" value=\"en_US\" \/><input type=\"hidden\" name=\"_wpcf7_unit_tag\" value=\"wpcf7-f14731-o1\" \/><input type=\"hidden\" name=\"_wpcf7_container_post\" value=\"0\" \/><input type=\"hidden\" name=\"_wpcf7_posted_data_hash\" value=\"\" \/>\n<\/fieldset>\n<div class=\"pxl-newsletter pxl-layout-2\">\n\t<p><span class=\"wpcf7-form-control-wrap\" data-name=\"your-email\"><input size=\"40\" maxlength=\"400\" class=\"wpcf7-form-control wpcf7-email wpcf7-validates-as-required wpcf7-text wpcf7-validates-as-email pxl-p3 pxl-dark-100\" autocomplete=\"email\" aria-required=\"true\" aria-invalid=\"false\" placeholder=\"Your e-mail\" value=\"\" type=\"email\" name=\"your-email\" \/><\/span><br \/>\n<button type=\"submit\" class=\"btn btn-submit pxl-btn-default pxl-btn-normal pxl-hover-default pxl-dark-100 h6\"><br \/>\n<span class=\"pxl-btn--text\">Subscribe<\/span><br \/>\n<i class=\"pxl-icon--default flaticon flaticon-up-right-arrow\"><\/i><br \/>\n<\/button>\n\t<\/p>\n<\/div><div class=\"wpcf7-response-output\" aria-hidden=\"true\"><\/div>\n<input type=\"hidden\" name=\"trp-form-language\" value=\"en\"\/><\/form>\n<\/div>\n                    <div class=\"pxl-form-loader light\">\r\n                <div class=\"bar1\"><\/div>\r\n                <div class=\"bar2\"><\/div>\r\n                <div class=\"bar3\"><\/div>\r\n                <div class=\"bar4\"><\/div>\r\n                <div class=\"bar5\"><\/div>\r\n                <div class=\"bar6\"><\/div>\r\n                <div class=\"bar7\"><\/div>\r\n                <div class=\"bar8\"><\/div>\r\n                <div class=\"bar9\"><\/div>\r\n                <div class=\"bar10\"><\/div>\r\n                <div class=\"bar11\"><\/div>\r\n                <div class=\"bar12\"><\/div>\r\n            <\/div>\r\n            <\/div>\r\n\t\t\t\t<\/div>\n\t\t\t\t<\/div>\n\t\t            <\/div>\r\n        <\/div>\r\n        \t\t\t<\/div>\n\t\t<\/section>\n\t\t\t\t<\/div>","protected":false},"excerpt":{"rendered":"<p>Compliance Segnalazioni Compliance e integrit\u00e0: trasparenza garantita Ci impegniamo a rispettare i pi\u00f9 alti standard etici e normativi, garantendo un ambiente di lavoro sicuro e trasparente. Questa sezione \u00e8 dedicata alla Compliance e alle procedure di segnalazione per garantire trasparenza e integrit\u00e0. Qui puoi trovare informazioni sul nostro modello organizzativo gestionale, come effettuare segnalazioni in [&hellip;]<\/p>\n","protected":false},"author":2,"featured_media":0,"parent":0,"menu_order":0,"comment_status":"closed","ping_status":"closed","template":"","meta":{"footnotes":""},"class_list":["post-23678","page","type-page","status-publish","hentry"],"_links":{"self":[{"href":"https:\/\/elettratlc.it\/en\/wp-json\/wp\/v2\/pages\/23678","targetHints":{"allow":["GET"]}}],"collection":[{"href":"https:\/\/elettratlc.it\/en\/wp-json\/wp\/v2\/pages"}],"about":[{"href":"https:\/\/elettratlc.it\/en\/wp-json\/wp\/v2\/types\/page"}],"author":[{"embeddable":true,"href":"https:\/\/elettratlc.it\/en\/wp-json\/wp\/v2\/users\/2"}],"replies":[{"embeddable":true,"href":"https:\/\/elettratlc.it\/en\/wp-json\/wp\/v2\/comments?post=23678"}],"version-history":[{"count":74,"href":"https:\/\/elettratlc.it\/en\/wp-json\/wp\/v2\/pages\/23678\/revisions"}],"predecessor-version":[{"id":25660,"href":"https:\/\/elettratlc.it\/en\/wp-json\/wp\/v2\/pages\/23678\/revisions\/25660"}],"wp:attachment":[{"href":"https:\/\/elettratlc.it\/en\/wp-json\/wp\/v2\/media?parent=23678"}],"curies":[{"name":"wp","href":"https:\/\/api.w.org\/{rel}","templated":true}]}}